{"id":13,"date":"2021-05-18T04:40:38","date_gmt":"2021-05-18T04:40:38","guid":{"rendered":"https:\/\/hairbybowenda.nl\/nd\/?page_id=13"},"modified":"2026-01-02T19:45:28","modified_gmt":"2026-01-02T19:45:28","slug":"prijzen","status":"publish","type":"page","link":"https:\/\/hairbybowenda.nl\/nd\/prijzen\/","title":{"rendered":"Prijzen"},"content":{"rendered":"\t\t<div data-elementor-type=\"wp-page\" data-elementor-id=\"13\" class=\"elementor elementor-13\">\n\t\t\t\t\t\t<section class=\"elementor-section elementor-top-section elementor-element elementor-element-2ea897d elementor-section-content-middle elementor-section-boxed elementor-section-height-default elementor-section-height-default\" data-id=\"2ea897d\" data-element_type=\"section\" data-settings=\"{&quot;background_background&quot;:&quot;classic&quot;}\">\n\t\t\t\t\t\t<div class=\"elementor-container elementor-column-gap-no\">\n\t\t\t\t\t<div class=\"elementor-column elementor-col-100 elementor-top-column elementor-element elementor-element-4ad8e35\" data-id=\"4ad8e35\" data-element_type=\"column\">\n\t\t\t<div class=\"elementor-widget-wrap elementor-element-populated\">\n\t\t\t\t\t\t<div class=\"elementor-element elementor-element-ae5e105 elementor-widget-mobile__width-inherit elementor-widget elementor-widget-heading\" data-id=\"ae5e105\" data-element_type=\"widget\" data-widget_type=\"heading.default\">\n\t\t\t\t<div class=\"elementor-widget-container\">\n\t\t\t\t\t<h1 class=\"elementor-heading-title elementor-size-default\">Prijzen<\/h1>\t\t\t\t<\/div>\n\t\t\t\t<\/div>\n\t\t\t\t\t<\/div>\n\t\t<\/div>\n\t\t\t\t\t<\/div>\n\t\t<\/section>\n\t\t\t\t<section class=\"elementor-section elementor-top-section elementor-element elementor-element-e4107c5 elementor-section-boxed elementor-section-height-default elementor-section-height-default\" data-id=\"e4107c5\" data-element_type=\"section\" data-settings=\"{&quot;background_background&quot;:&quot;classic&quot;}\">\n\t\t\t\t\t\t<div class=\"elementor-container elementor-column-gap-default\">\n\t\t\t\t\t<div class=\"elementor-column elementor-col-100 elementor-top-column elementor-element elementor-element-22e4f40\" data-id=\"22e4f40\" data-element_type=\"column\">\n\t\t\t<div class=\"elementor-widget-wrap elementor-element-populated\">\n\t\t\t\t\t\t<div class=\"elementor-element elementor-element-1235d01 elementor-widget elementor-widget-spacer\" data-id=\"1235d01\" data-element_type=\"widget\" data-widget_type=\"spacer.default\">\n\t\t\t\t<div class=\"elementor-widget-container\">\n\t\t\t\t\t\t\t<div class=\"elementor-spacer\">\n\t\t\t<div class=\"elementor-spacer-inner\"><\/div>\n\t\t<\/div>\n\t\t\t\t\t\t<\/div>\n\t\t\t\t<\/div>\n\t\t\t\t<div class=\"elementor-element elementor-element-5b81e74 elementor-widget elementor-widget-text-editor\" data-id=\"5b81e74\" data-element_type=\"widget\" data-widget_type=\"text-editor.default\">\n\t\t\t\t<div class=\"elementor-widget-container\">\n\t\t\t\t\t\t\t\t\t<p>Dit zijn de prijzen voor 2026:<\/p>\t\t\t\t\t\t\t\t<\/div>\n\t\t\t\t<\/div>\n\t\t\t\t\t<\/div>\n\t\t<\/div>\n\t\t\t\t\t<\/div>\n\t\t<\/section>\n\t\t\t\t<section class=\"elementor-section elementor-top-section elementor-element elementor-element-d603c98 elementor-section-boxed elementor-section-height-default elementor-section-height-default\" data-id=\"d603c98\" data-element_type=\"section\" data-settings=\"{&quot;background_background&quot;:&quot;classic&quot;}\">\n\t\t\t\t\t\t<div class=\"elementor-container elementor-column-gap-default\">\n\t\t\t\t\t<div class=\"elementor-column elementor-col-66 elementor-top-column elementor-element elementor-element-b7ab3e7\" data-id=\"b7ab3e7\" data-element_type=\"column\">\n\t\t\t<div class=\"elementor-widget-wrap elementor-element-populated\">\n\t\t\t\t\t\t<div class=\"elementor-element elementor-element-13a67f6 elementor-widget elementor-widget-text-editor\" data-id=\"13a67f6\" data-element_type=\"widget\" data-widget_type=\"text-editor.default\">\n\t\t\t\t<div class=\"elementor-widget-container\">\n\t\t\t\t\t\t\t\t\t<p>Dames knippen<br \/>Dames knippen en drogen<br \/>Dames knippen en f<span style=\"color: var(--ast-global-color-3); font-size: 1rem;\">\u00f6hne<\/span><span style=\"font-style: inherit; font-weight: inherit; color: var(--ast-global-color-3);\">n<br \/><\/span><span style=\"font-style: inherit; font-weight: inherit; color: var(--ast-global-color-3);\">Heren knippen<br \/><\/span><span style=\"font-style: inherit; font-weight: inherit; color: var(--ast-global-color-3);\">Kinderen knippen &lt;3 jaar<br \/><\/span><span style=\"font-style: inherit; font-weight: inherit; color: var(--ast-global-color-3);\">Kinderen knippen 3-16 jaar<br \/><\/span><span style=\"font-style: inherit; font-weight: inherit; color: var(--ast-global-color-3);\">Spoeling &amp; f\u00f6hnen<br \/><\/span><span style=\"font-style: inherit; font-weight: inherit; color: var(--ast-global-color-3);\">Spoeling &amp; dames knippen<br \/><\/span><span style=\"font-style: inherit; font-weight: inherit; color: var(--ast-global-color-3);\">Spoeling &amp; dames knippen drogen<br \/><\/span><span style=\"font-style: inherit; font-weight: inherit; color: var(--ast-global-color-3);\">Spoeling &amp; dames knippen f<\/span><span style=\"font-size: 1rem; font-style: inherit; font-weight: inherit; color: var(--ast-global-color-3);\">\u00f6<\/span><span style=\"font-style: inherit; font-weight: inherit; color: var(--ast-global-color-3);\">hnen<br \/><\/span><span style=\"font-style: inherit; font-weight: inherit; color: var(--ast-global-color-3);\">Spoeling &amp; uitspoelen<br \/><\/span><span style=\"font-style: inherit; font-weight: inherit; color: var(--ast-global-color-3);\">Verven &amp; f\u00f6hnen<br \/><\/span><span style=\"font-style: inherit; font-weight: inherit; color: var(--ast-global-color-3);\">Verven &amp; dames knippen<br \/><\/span><span style=\"font-style: inherit; font-weight: inherit; color: var(--ast-global-color-3);\">Verven &amp; dames knippen drogen<br \/><\/span><span style=\"font-style: inherit; font-weight: inherit; color: var(--ast-global-color-3);\">Verven &amp; dames knippen f\u00f6hnen<br \/><\/span><span style=\"font-style: inherit; font-weight: inherit; color: var(--ast-global-color-3);\">Verven &amp; uitspoelen<br \/><\/span><span style=\"font-style: inherit; font-weight: inherit; color: var(--ast-global-color-3);\">Wassen &amp; f\u00f6hnen<br \/><\/span><span style=\"font-style: inherit; font-weight: inherit; color: var(--ast-global-color-3);\">Highligts per folie<\/span><span style=\"font-style: inherit; font-weight: inherit; color: var(--ast-global-color-3);\"><br \/><\/span><span style=\"font-style: inherit; font-weight: inherit; color: var(--ast-global-color-3);\">Toeslag kleur<br \/><\/span><span style=\"font-style: inherit; font-weight: inherit; color: var(--ast-global-color-3);\">Toeslag lang haar<br \/><\/span><span style=\"font-style: inherit; font-weight: inherit; color: var(--ast-global-color-3);\">Toner<\/span><\/p><p>Bij lang haar kan er een toeslag worden berekend<\/p>\t\t\t\t\t\t\t\t<\/div>\n\t\t\t\t<\/div>\n\t\t\t\t\t<\/div>\n\t\t<\/div>\n\t\t\t\t<div class=\"elementor-column elementor-col-33 elementor-top-column elementor-element elementor-element-6126328\" data-id=\"6126328\" data-element_type=\"column\">\n\t\t\t<div class=\"elementor-widget-wrap elementor-element-populated\">\n\t\t\t\t\t\t<div class=\"elementor-element elementor-element-192cb0d elementor-widget elementor-widget-text-editor\" data-id=\"192cb0d\" data-element_type=\"widget\" data-widget_type=\"text-editor.default\">\n\t\t\t\t<div class=\"elementor-widget-container\">\n\t\t\t\t\t\t\t\t\t<p>\u20ac 35,25<br>\u20ac 40,00<br>\u20ac 47,00<br>\u20ac 33,00<br>\u20ac 25,00<br>\u20ac 32,50<br>\u20ac 81,00<br>\u20ac 81,00<br>\u20ac 86,00<br>\u20ac 92,00<br>\u20ac 57,00<br>\u20ac 87,00<br>\u20ac 87,00<br>\u20ac 93,00<br>\u20ac 98,00<br>\u20ac 58,00<br>\u20ac 33,00<br>\u20ac &nbsp;&nbsp;2,75<br>\u20ac 10,50<br>\u20ac 10,50<br>Vanaf \u20ac 60,00<\/p>\t\t\t\t\t\t\t\t<\/div>\n\t\t\t\t<\/div>\n\t\t\t\t\t<\/div>\n\t\t<\/div>\n\t\t\t\t\t<\/div>\n\t\t<\/section>\n\t\t\t\t<section class=\"elementor-section elementor-top-section elementor-element elementor-element-5f98b18 elementor-section-boxed elementor-section-height-default elementor-section-height-default\" data-id=\"5f98b18\" data-element_type=\"section\" data-settings=\"{&quot;background_background&quot;:&quot;classic&quot;}\">\n\t\t\t\t\t\t<div class=\"elementor-container elementor-column-gap-default\">\n\t\t\t\t\t<div class=\"elementor-column elementor-col-100 elementor-top-column elementor-element elementor-element-6011e22\" data-id=\"6011e22\" data-element_type=\"column\">\n\t\t\t<div class=\"elementor-widget-wrap elementor-element-populated\">\n\t\t\t\t\t\t<div class=\"elementor-element elementor-element-3ae910c elementor-widget elementor-widget-spacer\" data-id=\"3ae910c\" data-element_type=\"widget\" data-widget_type=\"spacer.default\">\n\t\t\t\t<div class=\"elementor-widget-container\">\n\t\t\t\t\t\t\t<div class=\"elementor-spacer\">\n\t\t\t<div class=\"elementor-spacer-inner\"><\/div>\n\t\t<\/div>\n\t\t\t\t\t\t<\/div>\n\t\t\t\t<\/div>\n\t\t\t\t\t<\/div>\n\t\t<\/div>\n\t\t\t\t\t<\/div>\n\t\t<\/section>\n\t\t\t\t<section class=\"elementor-section elementor-top-section elementor-element elementor-element-f24ccf5 elementor-section-boxed elementor-section-height-default elementor-section-height-default\" data-id=\"f24ccf5\" data-element_type=\"section\" data-settings=\"{&quot;background_background&quot;:&quot;classic&quot;}\">\n\t\t\t\t\t\t<div class=\"elementor-container elementor-column-gap-default\">\n\t\t\t\t\t<div class=\"elementor-column elementor-col-50 elementor-top-column elementor-element elementor-element-22d55ec\" data-id=\"22d55ec\" data-element_type=\"column\">\n\t\t\t<div class=\"elementor-widget-wrap elementor-element-populated\">\n\t\t\t\t\t\t<div class=\"elementor-element elementor-element-b2e729b elementor-widget elementor-widget-text-editor\" data-id=\"b2e729b\" data-element_type=\"widget\" data-widget_type=\"text-editor.default\">\n\t\t\t\t<div class=\"elementor-widget-container\">\n\t\t\t\t\t\t\t\t\t<p>Wat bij je past maakt je mooier en samen bespreek ik graag jouw wensen. Ga altijd voor de beste versie van jezelf, ik ben in voor totale transformaties, maar ook voor subtiele veranderingen kan je bij mij terecht. Je haar moet passen bij je persoonlijkheid en je manier van leven. Ik luister naar je wensen, kijk naar je gezichtsvorm, haartype &amp; haarkleur en geef een passend advies.<\/p>\t\t\t\t\t\t\t\t<\/div>\n\t\t\t\t<\/div>\n\t\t\t\t<div class=\"elementor-element elementor-element-87659f6 elementor-widget elementor-widget-text-editor\" data-id=\"87659f6\" data-element_type=\"widget\" data-widget_type=\"text-editor.default\">\n\t\t\t\t<div class=\"elementor-widget-container\">\n\t\t\t\t\t\t\t\t\t<p>Ben je nieuwsgierig geworden naar wat ik voor je zou kunnen betekenen? <a href=\"https:\/\/hairbybowenda.nl\/nd\/afspraak-maken\/\">Boek online een afspraak<\/a>, neem <a href=\"https:\/\/hairbybowenda.nl\/nd\/contact\/\">contact met me op<\/a> via het contactformulier of kom vrijblijvend langs voor een persoonlijk advies.<\/p>\t\t\t\t\t\t\t\t<\/div>\n\t\t\t\t<\/div>\n\t\t\t\t\t<\/div>\n\t\t<\/div>\n\t\t\t\t<div class=\"elementor-column elementor-col-50 elementor-top-column elementor-element elementor-element-08ed513\" data-id=\"08ed513\" data-element_type=\"column\">\n\t\t\t<div class=\"elementor-widget-wrap elementor-element-populated\">\n\t\t\t\t\t\t<div class=\"elementor-element elementor-element-a453e32 elementor-widget elementor-widget-image\" data-id=\"a453e32\" data-element_type=\"widget\" data-widget_type=\"image.default\">\n\t\t\t\t<div class=\"elementor-widget-container\">\n\t\t\t\t\t\t\t\t\t\t\t\t\t\t\t<img decoding=\"async\" src=\"https:\/\/hairbybowenda.nl\/nd\/wp-content\/uploads\/2022\/04\/Kapsalon-Hair-by-Bowenda-Obdam.png\" title=\"\" alt=\"Kapsalon Hair by Bowenda Obdam\" loading=\"lazy\" \/>\t\t\t\t\t\t\t\t\t\t\t\t\t\t\t<\/div>\n\t\t\t\t<\/div>\n\t\t\t\t\t<\/div>\n\t\t<\/div>\n\t\t\t\t\t<\/div>\n\t\t<\/section>\n\t\t\t\t<section class=\"elementor-section elementor-top-section elementor-element elementor-element-3b3138f elementor-section-boxed elementor-section-height-default elementor-section-height-default\" data-id=\"3b3138f\" data-element_type=\"section\" data-settings=\"{&quot;background_background&quot;:&quot;classic&quot;}\">\n\t\t\t\t\t\t<div class=\"elementor-container elementor-column-gap-default\">\n\t\t\t\t\t<div class=\"elementor-column elementor-col-100 elementor-top-column elementor-element elementor-element-3b0969e\" data-id=\"3b0969e\" data-element_type=\"column\">\n\t\t\t<div class=\"elementor-widget-wrap elementor-element-populated\">\n\t\t\t\t\t\t<div class=\"elementor-element elementor-element-665df4a elementor-widget elementor-widget-text-editor\" data-id=\"665df4a\" data-element_type=\"widget\" data-widget_type=\"text-editor.default\">\n\t\t\t\t<div class=\"elementor-widget-container\">\n\t\t\t\t\t\t\t\t\t<p>Hair by Bowenda werkt samen met <a href=\"https:\/\/www.instagram.com\/natulique_nederland\/\" target=\"_blank\" rel=\"noopener\">Natulique<\/a>.<\/p>\t\t\t\t\t\t\t\t<\/div>\n\t\t\t\t<\/div>\n\t\t\t\t<div class=\"elementor-element elementor-element-38f58d6 elementor-widget elementor-widget-spacer\" data-id=\"38f58d6\" data-element_type=\"widget\" data-widget_type=\"spacer.default\">\n\t\t\t\t<div class=\"elementor-widget-container\">\n\t\t\t\t\t\t\t<div class=\"elementor-spacer\">\n\t\t\t<div class=\"elementor-spacer-inner\"><\/div>\n\t\t<\/div>\n\t\t\t\t\t\t<\/div>\n\t\t\t\t<\/div>\n\t\t\t\t\t<\/div>\n\t\t<\/div>\n\t\t\t\t\t<\/div>\n\t\t<\/section>\n\t\t\t\t<\/div>\n\t\t","protected":false},"excerpt":{"rendered":"<p>Prijzen Dit zijn de prijzen voor 2026: Dames knippenDames knippen en drogenDames knippen en f\u00f6hnenHeren knippenKinderen knippen &lt;3 jaarKinderen knippen 3-16 jaarSpoeling &amp; f\u00f6hnenSpoeling &amp; dames knippenSpoeling &amp; dames knippen drogenSpoeling &amp; dames knippen f\u00f6hnenSpoeling &amp; uitspoelenVerven &amp; f\u00f6hnenVerven &amp; dames knippenVerven &amp; dames knippen drogenVerven &amp; dames knippen f\u00f6hnenVerven &amp; uitspoelenWassen &amp; f\u00f6hnenHighligts per &hellip;<\/p>\n<p class=\"read-more\"> <a class=\"\" href=\"https:\/\/hairbybowenda.nl\/nd\/prijzen\/\"> <span class=\"screen-reader-text\">Prijzen<\/span> Lees meer &raquo;<\/a><\/p>\n","protected":false},"author":1,"featured_media":0,"parent":0,"menu_order":0,"comment_status":"closed","ping_status":"closed","template":"","meta":{"site-sidebar-layout":"no-sidebar","site-content-layout":"page-builder","ast-global-header-display":"","ast-main-header-display":"","ast-hfb-above-header-display":"","ast-hfb-below-header-display":"","ast-hfb-mobile-header-display":"","site-post-title":"disabled","ast-breadcrumbs-content":"","ast-featured-img":"disabled","footer-sml-layout":"","theme-transparent-header-meta":"","adv-header-id-meta":"","stick-header-meta":"","header-above-stick-meta":"","header-main-stick-meta":"","header-below-stick-meta":"","footnotes":""},"class_list":["post-13","page","type-page","status-publish","hentry"],"yoast_head":"<!-- This site is optimized with the Yoast SEO plugin v22.5 - https:\/\/yoast.com\/wordpress\/plugins\/seo\/ -->\n<title>Prijzen - Hair by Bowenda - Kapsalon Obdam<\/title>\n<meta name=\"description\" content=\"Hair by Bowenda is gevestigd in het gezellige Obdam. De kapsalon zit op 5 minuten wandelen van treinstation Obdam. Bekijk mijn prijzen.\" \/>\n<meta name=\"robots\" content=\"index, follow, max-snippet:-1, max-image-preview:large, max-video-preview:-1\" \/>\n<link rel=\"canonical\" href=\"https:\/\/hairbybowenda.nl\/nd\/prijzen\/\" \/>\n<meta property=\"og:locale\" content=\"nl_NL\" \/>\n<meta property=\"og:type\" content=\"article\" \/>\n<meta property=\"og:title\" content=\"Prijzen - Hair by Bowenda - Kapsalon Obdam\" \/>\n<meta property=\"og:description\" content=\"Hair by Bowenda is gevestigd in het gezellige Obdam. De kapsalon zit op 5 minuten wandelen van treinstation Obdam. Bekijk mijn prijzen.\" \/>\n<meta property=\"og:url\" content=\"https:\/\/hairbybowenda.nl\/nd\/prijzen\/\" \/>\n<meta property=\"og:site_name\" content=\"Hair by Bowenda\" \/>\n<meta property=\"article:publisher\" content=\"https:\/\/www.facebook.com\/hairbybowenda\" \/>\n<meta property=\"article:modified_time\" content=\"2026-01-02T19:45:28+00:00\" \/>\n<meta property=\"og:image\" content=\"https:\/\/hairbybowenda.nl\/nd\/wp-content\/uploads\/2022\/04\/Kapsalon-Hair-by-Bowenda-Obdam.png\" \/>\n<meta name=\"twitter:card\" content=\"summary_large_image\" \/>\n<meta name=\"twitter:label1\" content=\"Geschatte leestijd\" \/>\n\t<meta name=\"twitter:data1\" content=\"1 minuut\" \/>\n<script type=\"application\/ld+json\" class=\"yoast-schema-graph\">{\"@context\":\"https:\/\/schema.org\",\"@graph\":[{\"@type\":\"WebPage\",\"@id\":\"https:\/\/hairbybowenda.nl\/nd\/prijzen\/\",\"url\":\"https:\/\/hairbybowenda.nl\/nd\/prijzen\/\",\"name\":\"Prijzen - Hair by Bowenda - Kapsalon Obdam\",\"isPartOf\":{\"@id\":\"https:\/\/hairbybowenda.nl\/nd\/#website\"},\"primaryImageOfPage\":{\"@id\":\"https:\/\/hairbybowenda.nl\/nd\/prijzen\/#primaryimage\"},\"image\":{\"@id\":\"https:\/\/hairbybowenda.nl\/nd\/prijzen\/#primaryimage\"},\"thumbnailUrl\":\"https:\/\/hairbybowenda.nl\/nd\/wp-content\/uploads\/2022\/04\/Kapsalon-Hair-by-Bowenda-Obdam.png\",\"datePublished\":\"2021-05-18T04:40:38+00:00\",\"dateModified\":\"2026-01-02T19:45:28+00:00\",\"description\":\"Hair by Bowenda is gevestigd in het gezellige Obdam. De kapsalon zit op 5 minuten wandelen van treinstation Obdam. Bekijk mijn prijzen.\",\"breadcrumb\":{\"@id\":\"https:\/\/hairbybowenda.nl\/nd\/prijzen\/#breadcrumb\"},\"inLanguage\":\"nl-NL\",\"potentialAction\":[{\"@type\":\"ReadAction\",\"target\":[\"https:\/\/hairbybowenda.nl\/nd\/prijzen\/\"]}]},{\"@type\":\"ImageObject\",\"inLanguage\":\"nl-NL\",\"@id\":\"https:\/\/hairbybowenda.nl\/nd\/prijzen\/#primaryimage\",\"url\":\"https:\/\/hairbybowenda.nl\/nd\/wp-content\/uploads\/2022\/04\/Kapsalon-Hair-by-Bowenda-Obdam.png\",\"contentUrl\":\"https:\/\/hairbybowenda.nl\/nd\/wp-content\/uploads\/2022\/04\/Kapsalon-Hair-by-Bowenda-Obdam.png\"},{\"@type\":\"BreadcrumbList\",\"@id\":\"https:\/\/hairbybowenda.nl\/nd\/prijzen\/#breadcrumb\",\"itemListElement\":[{\"@type\":\"ListItem\",\"position\":1,\"name\":\"Home\",\"item\":\"https:\/\/hairbybowenda.nl\/nd\/\"},{\"@type\":\"ListItem\",\"position\":2,\"name\":\"Prijzen\"}]},{\"@type\":\"WebSite\",\"@id\":\"https:\/\/hairbybowenda.nl\/nd\/#website\",\"url\":\"https:\/\/hairbybowenda.nl\/nd\/\",\"name\":\"Hair by Bowenda\",\"description\":\"voor totale transformaties, maar ook voor subtiele veranderingen\",\"publisher\":{\"@id\":\"https:\/\/hairbybowenda.nl\/nd\/#organization\"},\"potentialAction\":[{\"@type\":\"SearchAction\",\"target\":{\"@type\":\"EntryPoint\",\"urlTemplate\":\"https:\/\/hairbybowenda.nl\/nd\/?s={search_term_string}\"},\"query-input\":\"required name=search_term_string\"}],\"inLanguage\":\"nl-NL\"},{\"@type\":\"Organization\",\"@id\":\"https:\/\/hairbybowenda.nl\/nd\/#organization\",\"name\":\"Hair by Bowenda\",\"url\":\"https:\/\/hairbybowenda.nl\/nd\/\",\"logo\":{\"@type\":\"ImageObject\",\"inLanguage\":\"nl-NL\",\"@id\":\"https:\/\/hairbybowenda.nl\/nd\/#\/schema\/logo\/image\/\",\"url\":\"https:\/\/hairbybowenda.nl\/nd\/wp-content\/uploads\/2021\/02\/Kapsalon-Obdam-logo-website-hair-by-Bowenda-2.png\",\"contentUrl\":\"https:\/\/hairbybowenda.nl\/nd\/wp-content\/uploads\/2021\/02\/Kapsalon-Obdam-logo-website-hair-by-Bowenda-2.png\",\"width\":4168,\"height\":4168,\"caption\":\"Hair by Bowenda\"},\"image\":{\"@id\":\"https:\/\/hairbybowenda.nl\/nd\/#\/schema\/logo\/image\/\"},\"sameAs\":[\"https:\/\/www.facebook.com\/hairbybowenda\",\"https:\/\/www.instagram.com\/hairbybowenda\/\"]}]}<\/script>\n<!-- \/ Yoast SEO plugin. -->","yoast_head_json":{"title":"Prijzen - Hair by Bowenda - Kapsalon Obdam","description":"Hair by Bowenda is gevestigd in het gezellige Obdam. De kapsalon zit op 5 minuten wandelen van treinstation Obdam. Bekijk mijn prijzen.","robots":{"index":"index","follow":"follow","max-snippet":"max-snippet:-1","max-image-preview":"max-image-preview:large","max-video-preview":"max-video-preview:-1"},"canonical":"https:\/\/hairbybowenda.nl\/nd\/prijzen\/","og_locale":"nl_NL","og_type":"article","og_title":"Prijzen - Hair by Bowenda - Kapsalon Obdam","og_description":"Hair by Bowenda is gevestigd in het gezellige Obdam. De kapsalon zit op 5 minuten wandelen van treinstation Obdam. Bekijk mijn prijzen.","og_url":"https:\/\/hairbybowenda.nl\/nd\/prijzen\/","og_site_name":"Hair by Bowenda","article_publisher":"https:\/\/www.facebook.com\/hairbybowenda","article_modified_time":"2026-01-02T19:45:28+00:00","og_image":[{"url":"https:\/\/hairbybowenda.nl\/nd\/wp-content\/uploads\/2022\/04\/Kapsalon-Hair-by-Bowenda-Obdam.png"}],"twitter_card":"summary_large_image","twitter_misc":{"Geschatte leestijd":"1 minuut"},"schema":{"@context":"https:\/\/schema.org","@graph":[{"@type":"WebPage","@id":"https:\/\/hairbybowenda.nl\/nd\/prijzen\/","url":"https:\/\/hairbybowenda.nl\/nd\/prijzen\/","name":"Prijzen - Hair by Bowenda - Kapsalon Obdam","isPartOf":{"@id":"https:\/\/hairbybowenda.nl\/nd\/#website"},"primaryImageOfPage":{"@id":"https:\/\/hairbybowenda.nl\/nd\/prijzen\/#primaryimage"},"image":{"@id":"https:\/\/hairbybowenda.nl\/nd\/prijzen\/#primaryimage"},"thumbnailUrl":"https:\/\/hairbybowenda.nl\/nd\/wp-content\/uploads\/2022\/04\/Kapsalon-Hair-by-Bowenda-Obdam.png","datePublished":"2021-05-18T04:40:38+00:00","dateModified":"2026-01-02T19:45:28+00:00","description":"Hair by Bowenda is gevestigd in het gezellige Obdam. De kapsalon zit op 5 minuten wandelen van treinstation Obdam. Bekijk mijn prijzen.","breadcrumb":{"@id":"https:\/\/hairbybowenda.nl\/nd\/prijzen\/#breadcrumb"},"inLanguage":"nl-NL","potentialAction":[{"@type":"ReadAction","target":["https:\/\/hairbybowenda.nl\/nd\/prijzen\/"]}]},{"@type":"ImageObject","inLanguage":"nl-NL","@id":"https:\/\/hairbybowenda.nl\/nd\/prijzen\/#primaryimage","url":"https:\/\/hairbybowenda.nl\/nd\/wp-content\/uploads\/2022\/04\/Kapsalon-Hair-by-Bowenda-Obdam.png","contentUrl":"https:\/\/hairbybowenda.nl\/nd\/wp-content\/uploads\/2022\/04\/Kapsalon-Hair-by-Bowenda-Obdam.png"},{"@type":"BreadcrumbList","@id":"https:\/\/hairbybowenda.nl\/nd\/prijzen\/#breadcrumb","itemListElement":[{"@type":"ListItem","position":1,"name":"Home","item":"https:\/\/hairbybowenda.nl\/nd\/"},{"@type":"ListItem","position":2,"name":"Prijzen"}]},{"@type":"WebSite","@id":"https:\/\/hairbybowenda.nl\/nd\/#website","url":"https:\/\/hairbybowenda.nl\/nd\/","name":"Hair by Bowenda","description":"voor totale transformaties, maar ook voor subtiele veranderingen","publisher":{"@id":"https:\/\/hairbybowenda.nl\/nd\/#organization"},"potentialAction":[{"@type":"SearchAction","target":{"@type":"EntryPoint","urlTemplate":"https:\/\/hairbybowenda.nl\/nd\/?s={search_term_string}"},"query-input":"required name=search_term_string"}],"inLanguage":"nl-NL"},{"@type":"Organization","@id":"https:\/\/hairbybowenda.nl\/nd\/#organization","name":"Hair by Bowenda","url":"https:\/\/hairbybowenda.nl\/nd\/","logo":{"@type":"ImageObject","inLanguage":"nl-NL","@id":"https:\/\/hairbybowenda.nl\/nd\/#\/schema\/logo\/image\/","url":"https:\/\/hairbybowenda.nl\/nd\/wp-content\/uploads\/2021\/02\/Kapsalon-Obdam-logo-website-hair-by-Bowenda-2.png","contentUrl":"https:\/\/hairbybowenda.nl\/nd\/wp-content\/uploads\/2021\/02\/Kapsalon-Obdam-logo-website-hair-by-Bowenda-2.png","width":4168,"height":4168,"caption":"Hair by Bowenda"},"image":{"@id":"https:\/\/hairbybowenda.nl\/nd\/#\/schema\/logo\/image\/"},"sameAs":["https:\/\/www.facebook.com\/hairbybowenda","https:\/\/www.instagram.com\/hairbybowenda\/"]}]}},"_links":{"self":[{"href":"https:\/\/hairbybowenda.nl\/nd\/wp-json\/wp\/v2\/pages\/13","targetHints":{"allow":["GET"]}}],"collection":[{"href":"https:\/\/hairbybowenda.nl\/nd\/wp-json\/wp\/v2\/pages"}],"about":[{"href":"https:\/\/hairbybowenda.nl\/nd\/wp-json\/wp\/v2\/types\/page"}],"author":[{"embeddable":true,"href":"https:\/\/hairbybowenda.nl\/nd\/wp-json\/wp\/v2\/users\/1"}],"replies":[{"embeddable":true,"href":"https:\/\/hairbybowenda.nl\/nd\/wp-json\/wp\/v2\/comments?post=13"}],"version-history":[{"count":117,"href":"https:\/\/hairbybowenda.nl\/nd\/wp-json\/wp\/v2\/pages\/13\/revisions"}],"predecessor-version":[{"id":986,"href":"https:\/\/hairbybowenda.nl\/nd\/wp-json\/wp\/v2\/pages\/13\/revisions\/986"}],"wp:attachment":[{"href":"https:\/\/hairbybowenda.nl\/nd\/wp-json\/wp\/v2\/media?parent=13"}],"curies":[{"name":"wp","href":"https:\/\/api.w.org\/{rel}","templated":true}]}}